{"id":54,"date":"2021-07-11T08:14:04","date_gmt":"2021-07-11T08:14:04","guid":{"rendered":"https:\/\/mammothinter.com\/?page_id=54"},"modified":"2021-11-08T08:51:20","modified_gmt":"2021-11-08T06:51:20","slug":"about-us","status":"publish","type":"page","link":"https:\/\/mammothinter.com\/pt\/about-us\/","title":{"rendered":"Sobre n\u00f3s"},"content":{"rendered":"<div class=\"fl-builder-content fl-builder-content-54 fl-builder-global-templates-locked\" data-post-id=\"54\"><div class=\"fl-row fl-row-full-width fl-row-bg-none fl-node-60ecafa8c5a4c fl-row-custom-height fl-row-align-center\" data-node=\"60ecafa8c5a4c\">\n\t<div class=\"fl-row-content-wrap\">\n\t\t<div class=\"uabb-row-separator uabb-top-row-separator\" >\r\n<\/div>\r\n\t\t\t\t\t\t<div class=\"fl-row-content fl-row-full-width fl-node-content\">\n\t\t\n<div class=\"fl-col-group fl-node-60ecafa8cfe7f fl-col-group-custom-width\" data-node=\"60ecafa8cfe7f\">\n\t\t\t<div class=\"fl-col fl-node-60ecafa8cff97 fl-col-small\" data-node=\"60ecafa8cff97\">\n\t<div class=\"fl-col-content fl-node-content\">\n\t<div class=\"fl-module fl-module-photo fl-node-60ecafcb4ecb3\" data-node=\"60ecafcb4ecb3\">\n\t<div class=\"fl-module-content fl-node-content\">\n\t\t<div class=\"fl-photo fl-photo-align-center\" itemscope itemtype=\"https:\/\/schema.org\/ImageObject\">\n\t<div class=\"fl-photo-content fl-photo-img-png\">\n\t\t\t\t<img loading=\"lazy\" decoding=\"async\" width=\"830\" height=\"696\" class=\"fl-photo-img wp-image-15\" src=\"http:\/\/mammothinter.com\/wp-content\/uploads\/2021\/07\/A-hero.png\" alt=\"A-hero\" itemprop=\"image\" title=\"A-hero\" srcset=\"https:\/\/mammothinter.com\/wp-content\/uploads\/2021\/07\/A-hero.png 830w, https:\/\/mammothinter.com\/wp-content\/uploads\/2021\/07\/A-hero-300x252.png 300w, https:\/\/mammothinter.com\/wp-content\/uploads\/2021\/07\/A-hero-768x644.png 768w\" sizes=\"auto, (max-width: 830px) 100vw, 830px\" \/>\n\t\t\t\t\t<\/div>\n\t<\/div>\n\t<\/div>\n<\/div>\n\t<\/div>\n<\/div>\n\t\t\t<div class=\"fl-col fl-node-60ecb0c446208 fl-col-small fl-visible-desktop\" data-node=\"60ecb0c446208\">\n\t<div class=\"fl-col-content fl-node-content\">\n\t\t<\/div>\n<\/div>\n\t\t\t<div class=\"fl-col fl-node-60ecafa8cff9a fl-col-small fl-col-has-cols\" data-node=\"60ecafa8cff9a\">\n\t<div class=\"fl-col-content fl-node-content\">\n\t\n<div class=\"fl-col-group fl-node-60ecb21a2767d fl-col-group-nested\" data-node=\"60ecb21a2767d\">\n\t\t\t<div class=\"fl-col fl-node-60ecb21a27786 fl-visible-desktop\" data-node=\"60ecb21a27786\">\n\t<div class=\"fl-col-content fl-node-content\">\n\t\t<\/div>\n<\/div>\n\t<\/div>\n<div class=\"fl-module fl-module-heading fl-node-60ecb0f2c9d9a\" data-node=\"60ecb0f2c9d9a\">\n\t<div class=\"fl-module-content fl-node-content\">\n\t\t<h1 class=\"fl-heading\">\n\t\t<span class=\"fl-heading-text\">INTRODU\u00c7\u00c3O<\/span>\n\t<\/h1>\n\t<\/div>\n<\/div>\n<div class=\"fl-module fl-module-rich-text fl-node-60ecb15c1d9f7\" data-node=\"60ecb15c1d9f7\">\n\t<div class=\"fl-module-content fl-node-content\">\n\t\t<div class=\"fl-rich-text\">\n\t<h4>Mammoth Technologies \u00e9 uma empresa de design e manufatura dentro da ind\u00fastria de minera\u00e7\u00e3o e perfura\u00e7\u00e3o, criando uma presen\u00e7a din\u00e2mica no mercado internacional.<\/h4>\n<\/div>\n\t<\/div>\n<\/div>\n<div class=\"fl-module fl-module-rich-text fl-node-60ecb23571719\" data-node=\"60ecb23571719\">\n\t<div class=\"fl-module-content fl-node-content\">\n\t\t<div class=\"fl-rich-text\">\n\t<p>A Mammoth Chave de fuga chamou a aten\u00e7\u00e3o para nossa abordagem inovadora, por\u00e9m descomplicada, para a solu\u00e7\u00e3o de problemas no mercado global quando a introduzimos pela primeira vez em 1999.<\/p>\n<\/div>\n\t<\/div>\n<\/div>\n\t<\/div>\n<\/div>\n\t\t\t<div class=\"fl-col fl-node-60ecb1933781c fl-col-small fl-visible-desktop\" data-node=\"60ecb1933781c\">\n\t<div class=\"fl-col-content fl-node-content\">\n\t\t<\/div>\n<\/div>\n\t<\/div>\n\t\t<\/div>\n\t<\/div>\n<\/div>\n<div class=\"fl-row fl-row-full-width fl-row-bg-none fl-node-60ecb385f311e\" data-node=\"60ecb385f311e\">\n\t<div class=\"fl-row-content-wrap\">\n\t\t<div class=\"uabb-row-separator uabb-top-row-separator\" >\r\n<\/div>\r\n\t\t\t\t\t\t<div class=\"fl-row-content fl-row-full-width fl-node-content\">\n\t\t\n<div class=\"fl-col-group fl-node-60ecb3860cacf fl-col-group-equal-height fl-col-group-align-center fl-col-group-custom-width\" data-node=\"60ecb3860cacf\">\n\t\t\t<div class=\"fl-col fl-node-60ecb3860cc40 fl-col-small fl-visible-desktop-medium\" data-node=\"60ecb3860cc40\">\n\t<div class=\"fl-col-content fl-node-content\">\n\t\t<\/div>\n<\/div>\n\t\t\t<div class=\"fl-col fl-node-60ecb3860cc44 fl-col-small\" data-node=\"60ecb3860cc44\">\n\t<div class=\"fl-col-content fl-node-content\">\n\t<div class=\"fl-module fl-module-rich-text fl-node-60ecb533a9648\" data-node=\"60ecb533a9648\">\n\t<div class=\"fl-module-content fl-node-content\">\n\t\t<div class=\"fl-rich-text\">\n\t<p>O desenvolvimento, o refinamento e a melhoria do produto s\u00e3o processos cont\u00ednuos nos neg\u00f3cios.<\/p>\n<p>Nosso impulso de desenvolvimento de produto foi moldado e guiado pelos requisitos, necessidades e frustra\u00e7\u00f5es coletadas de nossos clientes no mercado global. Isso nos levou a desenvolver uma gama de produtos dur\u00e1veis \u200b\u200be de baixo custo com pre\u00e7os razo\u00e1veis \u200b\u200bnos v\u00e1rios setores da ind\u00fastria de minera\u00e7\u00e3o. Eles foram projetados para: melhorar a seguran\u00e7a; simplificando a opera\u00e7\u00e3o; reduzindo os custos de manuten\u00e7\u00e3o.<\/p>\n<\/div>\n\t<\/div>\n<\/div>\n\t<\/div>\n<\/div>\n\t\t\t<div class=\"fl-col fl-node-60ecb3860cc46\" data-node=\"60ecb3860cc46\">\n\t<div class=\"fl-col-content fl-node-content\">\n\t<div class=\"fl-module fl-module-photo fl-node-60ecb4e280dbd\" data-node=\"60ecb4e280dbd\">\n\t<div class=\"fl-module-content fl-node-content\">\n\t\t<div class=\"fl-photo fl-photo-align-center\" itemscope itemtype=\"https:\/\/schema.org\/ImageObject\">\n\t<div class=\"fl-photo-content fl-photo-img-jpg\">\n\t\t\t\t<img loading=\"lazy\" decoding=\"async\" width=\"997\" height=\"714\" class=\"fl-photo-img wp-image-162\" src=\"http:\/\/mammothinter.com\/wp-content\/uploads\/2021\/07\/about-1.jpg\" alt=\"about-1\" itemprop=\"image\" title=\"about-1\" srcset=\"https:\/\/mammothinter.com\/wp-content\/uploads\/2021\/07\/about-1.jpg 997w, https:\/\/mammothinter.com\/wp-content\/uploads\/2021\/07\/about-1-300x215.jpg 300w, https:\/\/mammothinter.com\/wp-content\/uploads\/2021\/07\/about-1-768x550.jpg 768w\" sizes=\"auto, (max-width: 997px) 100vw, 997px\" \/>\n\t\t\t\t\t<\/div>\n\t<\/div>\n\t<\/div>\n<\/div>\n\t<\/div>\n<\/div>\n\t<\/div>\n\t\t<\/div>\n\t<\/div>\n<\/div>\n<div class=\"fl-row fl-row-full-width fl-row-bg-color fl-node-60ecb642c53d1\" data-node=\"60ecb642c53d1\">\n\t<div class=\"fl-row-content-wrap\">\n\t\t<div class=\"uabb-row-separator uabb-top-row-separator\" >\r\n<\/div>\r\n\t\t\t\t\t\t<div class=\"fl-row-content fl-row-fixed-width fl-node-content\">\n\t\t\n<div class=\"fl-col-group fl-node-60ecb6ccc2fad\" data-node=\"60ecb6ccc2fad\">\n\t\t\t<div class=\"fl-col fl-node-60ecb6ccc312b\" data-node=\"60ecb6ccc312b\">\n\t<div class=\"fl-col-content fl-node-content\">\n\t\t<\/div>\n<\/div>\n\t<\/div>\n\n<div class=\"fl-col-group fl-node-61389b4a5706c\" data-node=\"61389b4a5706c\">\n\t\t\t<div class=\"fl-col fl-node-61389b4a57225\" data-node=\"61389b4a57225\">\n\t<div class=\"fl-col-content fl-node-content\">\n\t\t<\/div>\n<\/div>\n\t<\/div>\n\n<div class=\"fl-col-group fl-node-60ecb642d2d31\" data-node=\"60ecb642d2d31\">\n\t\t\t<div class=\"fl-col fl-node-60ecb642d2e70 fl-col-small\" data-node=\"60ecb642d2e70\">\n\t<div class=\"fl-col-content fl-node-content\">\n\t<div class=\"fl-module fl-module-heading fl-node-60ecb75d27cef\" data-node=\"60ecb75d27cef\">\n\t<div class=\"fl-module-content fl-node-content\">\n\t\t<h1 class=\"fl-heading\">\n\t\t<span class=\"fl-heading-text\">vis\u00e3o<\/span>\n\t<\/h1>\n\t<\/div>\n<\/div>\n<div class=\"fl-module fl-module-rich-text fl-node-60ecb8eba4345\" data-node=\"60ecb8eba4345\">\n\t<div class=\"fl-module-content fl-node-content\">\n\t\t<div class=\"fl-rich-text\">\n\t<p>Nossa vis\u00e3o \u00e9 ser uma marca bem estabelecida na ind\u00fastria de minera\u00e7\u00e3o e perfura\u00e7\u00e3o, liderando o caminho em seguran\u00e7a, qualidade, servi\u00e7o e pre\u00e7o, orientada por padr\u00f5es \u00e9ticos e valores testados pelo tempo.<\/p>\n<\/div>\n\t<\/div>\n<\/div>\n\t<\/div>\n<\/div>\n\t\t\t<div class=\"fl-col fl-node-60ecb642d2e74 fl-col-small\" data-node=\"60ecb642d2e74\">\n\t<div class=\"fl-col-content fl-node-content\">\n\t<div class=\"fl-module fl-module-photo fl-node-60ecb6e4a8e83 fl-visible-desktop-medium\" data-node=\"60ecb6e4a8e83\">\n\t<div class=\"fl-module-content fl-node-content\">\n\t\t<div class=\"fl-photo fl-photo-align-center\" itemscope itemtype=\"https:\/\/schema.org\/ImageObject\">\n\t<div class=\"fl-photo-content fl-photo-img-png\">\n\t\t\t\t<img loading=\"lazy\" decoding=\"async\" width=\"1220\" height=\"946\" class=\"fl-photo-img wp-image-2042\" src=\"http:\/\/mammothinter.com\/wp-content\/uploads\/2021\/10\/Group-159@2x.png\" alt=\"Group 159@2x\" itemprop=\"image\" title=\"Group 159@2x\" srcset=\"https:\/\/mammothinter.com\/wp-content\/uploads\/2021\/10\/Group-159@2x.png 1220w, https:\/\/mammothinter.com\/wp-content\/uploads\/2021\/10\/Group-159@2x-300x233.png 300w, https:\/\/mammothinter.com\/wp-content\/uploads\/2021\/10\/Group-159@2x-1024x794.png 1024w, https:\/\/mammothinter.com\/wp-content\/uploads\/2021\/10\/Group-159@2x-768x596.png 768w\" sizes=\"auto, (max-width: 1220px) 100vw, 1220px\" \/>\n\t\t\t\t\t<\/div>\n\t<\/div>\n\t<\/div>\n<\/div>\n<div class=\"fl-module fl-module-heading fl-node-60ecb85b528ad\" data-node=\"60ecb85b528ad\">\n\t<div class=\"fl-module-content fl-node-content\">\n\t\t<h1 class=\"fl-heading\">\n\t\t<span class=\"fl-heading-text\">per\u00edcia<\/span>\n\t<\/h1>\n\t<\/div>\n<\/div>\n<div class=\"fl-module fl-module-rich-text fl-node-60ecb8ac6e9ee\" data-node=\"60ecb8ac6e9ee\">\n\t<div class=\"fl-module-content fl-node-content\">\n\t\t<div class=\"fl-rich-text\">\n\t<p>A Mammoth Technologies assume a responsabilidade por todas as fases do processo, incluindo conceitua\u00e7\u00e3o, pesquisa de mercado, design, fabrica\u00e7\u00e3o e teste, at\u00e9 a distribui\u00e7\u00e3o e servi\u00e7o. Toda a manufatura (incluindo a manufatura do processo) \u00e9 feita internamente.<\/p>\n<\/div>\n\t<\/div>\n<\/div>\n\t<\/div>\n<\/div>\n\t\t\t<div class=\"fl-col fl-node-60ecb9ae2c50e fl-col-small\" data-node=\"60ecb9ae2c50e\">\n\t<div class=\"fl-col-content fl-node-content\">\n\t<div class=\"fl-module fl-module-heading fl-node-60ecb791c36bb\" data-node=\"60ecb791c36bb\">\n\t<div class=\"fl-module-content fl-node-content\">\n\t\t<h1 class=\"fl-heading\">\n\t\t<span class=\"fl-heading-text\">miss\u00e3o<\/span>\n\t<\/h1>\n\t<\/div>\n<\/div>\n<div class=\"fl-module fl-module-rich-text fl-node-60ecb88feae7d\" data-node=\"60ecb88feae7d\">\n\t<div class=\"fl-module-content fl-node-content\">\n\t\t<div class=\"fl-rich-text\">\n\t<p>Para produzir produtos melhores, mais acess\u00edveis, mais seguros de usar e mais f\u00e1ceis de trabalhar.<\/p>\n<\/div>\n\t<\/div>\n<\/div>\n\t<\/div>\n<\/div>\n\t<\/div>\n\n<div class=\"fl-col-group fl-node-60ecb74295312\" data-node=\"60ecb74295312\">\n\t\t\t<div class=\"fl-col fl-node-60ecb7429548d\" data-node=\"60ecb7429548d\">\n\t<div class=\"fl-col-content fl-node-content\">\n\t\t<\/div>\n<\/div>\n\t<\/div>\n\t\t<\/div>\n\t<\/div>\n<\/div>\n<div class=\"fl-row fl-row-fixed-width fl-row-bg-color fl-node-60ecbadb48ccb\" data-node=\"60ecbadb48ccb\">\n\t<div class=\"fl-row-content-wrap\">\n\t\t<div class=\"uabb-row-separator uabb-top-row-separator\" >\r\n<\/div>\r\n\t\t\t\t\t\t<div class=\"fl-row-content fl-row-fixed-width fl-node-content\">\n\t\t\n<div class=\"fl-col-group fl-node-60ecbadc1d153\" data-node=\"60ecbadc1d153\">\n\t\t\t<div class=\"fl-col fl-node-60ecbadc1d2b4\" data-node=\"60ecbadc1d2b4\">\n\t<div class=\"fl-col-content fl-node-content\">\n\t<div class=\"fl-module fl-module-heading fl-node-60ecbae92f0d1\" data-node=\"60ecbae92f0d1\">\n\t<div class=\"fl-module-content fl-node-content\">\n\t\t<h1 class=\"fl-heading\">\n\t\t<span class=\"fl-heading-text\">Minerais de conflito<\/span>\n\t<\/h1>\n\t<\/div>\n<\/div>\n<div class=\"fl-module fl-module-rich-text fl-node-60ecbb6029f8e\" data-node=\"60ecbb6029f8e\">\n\t<div class=\"fl-module-content fl-node-content\">\n\t\t<div class=\"fl-rich-text\">\n\t<p>Estamos comprometidos com a conformidade legal e \u00e9tica em todas as nossas pr\u00e1ticas de neg\u00f3cios. Tamb\u00e9m apoiamos a meta de acabar com a viol\u00eancia e as viola\u00e7\u00f5es dos direitos humanos associadas \u00e0 minera\u00e7\u00e3o de ouro e estanho, t\u00e2ntalo e tungst\u00eanio (\"Minerais de conflito\") que levaram o Congresso dos Estados Unidos a aprovar legisla\u00e7\u00e3o em 2010 exigindo relat\u00f3rios e divulga\u00e7\u00e3o p\u00fablica relacionados ao abastecimento de minerais de conflito da Rep\u00fablica Democr\u00e1tica do Congo e pa\u00edses vizinhos (\u201cRDC\u201d). A Comiss\u00e3o de Valores Mobili\u00e1rios dos Estados Unidos (\"SEC\") emitiu regras que implementam esses requisitos de relat\u00f3rios e divulga\u00e7\u00e3o, bem como orienta\u00e7\u00f5es associadas. Temos o compromisso de cumprir essas regras e as orienta\u00e7\u00f5es associadas.<\/p>\n<p>Em apoio ao nosso compromisso com as pr\u00e1ticas comerciais \u00e9ticas e em conformidade com a legisla\u00e7\u00e3o de Minerais de Conflito dos Estados Unidos e as regras da SEC, iniciamos e continuaremos os esfor\u00e7os de devida dilig\u00eancia em nossa cadeia de suprimentos para identificar a fonte de quaisquer Minerais de Conflito em materiais, pe\u00e7as e componentes n\u00f3s adquirimos para fabricar nossos produtos. Al\u00e9m disso, esperamos que nossos fornecedores sigam os mesmos princ\u00edpios com rela\u00e7\u00e3o a suas compras e cadeias de suprimentos.<\/p>\n<\/div>\n\t<\/div>\n<\/div>\n\t<\/div>\n<\/div>\n\t<\/div>\n\t\t<\/div>\n\t<\/div>\n<\/div>\n<div class=\"fl-row fl-row-fixed-width fl-row-bg-none fl-node-60ed371a5c219\" data-node=\"60ed371a5c219\">\n\t<div class=\"fl-row-content-wrap\">\n\t\t<div class=\"uabb-row-separator uabb-top-row-separator\" >\r\n<\/div>\r\n\t\t\t\t\t\t<div class=\"fl-row-content fl-row-fixed-width fl-node-content\">\n\t\t\n<div class=\"fl-col-group fl-node-60ed37a72f34e\" data-node=\"60ed37a72f34e\">\n\t\t\t<div class=\"fl-col fl-node-60ed37a72f49e fl-col-has-cols\" data-node=\"60ed37a72f49e\">\n\t<div class=\"fl-col-content fl-node-content\">\n\t\n<div class=\"fl-col-group fl-node-60ed3f43046fe fl-col-group-nested fl-col-group-equal-height fl-col-group-align-top\" data-node=\"60ed3f43046fe\">\n\t\t\t<div class=\"fl-col fl-node-60ed3f430483a fl-col-small\" data-node=\"60ed3f430483a\">\n\t<div class=\"fl-col-content fl-node-content\">\n\t\t<\/div>\n<\/div>\n\t\t\t<div class=\"fl-col fl-node-60ed3f430483e fl-col-small\" data-node=\"60ed3f430483e\">\n\t<div class=\"fl-col-content fl-node-content\">\n\t<div class=\"fl-module fl-module-photo fl-node-60ed3f4bbfbfe\" data-node=\"60ed3f4bbfbfe\">\n\t<div class=\"fl-module-content fl-node-content\">\n\t\t<div class=\"fl-photo fl-photo-align-right\" itemscope itemtype=\"https:\/\/schema.org\/ImageObject\">\n\t<div class=\"fl-photo-content fl-photo-img-png\">\n\t\t\t\t<a href=\"http:\/\/mammothinter.com\/wp-content\/uploads\/2021\/07\/Conflict-Minerals-v2.pdf\" target=\"_self\" itemprop=\"url\">\n\t\t\t\t<img loading=\"lazy\" decoding=\"async\" width=\"91\" height=\"103\" class=\"fl-photo-img wp-image-2041\" src=\"http:\/\/mammothinter.com\/wp-content\/uploads\/2021\/10\/Group-70@2x.png\" alt=\"Group 70@2x\" itemprop=\"image\" title=\"Group 70@2x\"  \/>\n\t\t\t\t<\/a>\n\t\t\t\t\t<\/div>\n\t<\/div>\n\t<\/div>\n<\/div>\n\t<\/div>\n<\/div>\n\t\t\t<div class=\"fl-col fl-node-60ed3f4304840 fl-col-small\" data-node=\"60ed3f4304840\">\n\t<div class=\"fl-col-content fl-node-content\">\n\t<div class=\"fl-module fl-module-heading fl-node-60ed3f5b3ed54\" data-node=\"60ed3f5b3ed54\">\n\t<div class=\"fl-module-content fl-node-content\">\n\t\t<h6 class=\"fl-heading\">\n\t\t<a href=\"http:\/\/mammothinter.com\/wp-content\/uploads\/2021\/07\/Conflict-Minerals-v2.pdf\" title=\"baixe aqui\" target=\"_self\">\n\t\t<span class=\"fl-heading-text\">baixe aqui<\/span>\n\t\t<\/a>\n\t<\/h6>\n\t<\/div>\n<\/div>\n<div class=\"fl-module fl-module-rich-text fl-node-60ed3f7b487b9\" data-node=\"60ed3f7b487b9\">\n\t<div class=\"fl-module-content fl-node-content\">\n\t\t<div class=\"fl-rich-text\">\n\t<p>Folheto de declara\u00e7\u00e3o da pol\u00edtica de minerais de conflito<\/p>\n<\/div>\n\t<\/div>\n<\/div>\n\t<\/div>\n<\/div>\n\t\t\t<div class=\"fl-col fl-node-60ed3f4304841 fl-col-small\" data-node=\"60ed3f4304841\">\n\t<div class=\"fl-col-content fl-node-content\">\n\t\t<\/div>\n<\/div>\n\t<\/div>\n\t<\/div>\n<\/div>\n\t<\/div>\n\n<div class=\"fl-col-group fl-node-60ed371a9e47d\" data-node=\"60ed371a9e47d\">\n\t\t\t<div class=\"fl-col fl-node-60ed371a9e6f5\" data-node=\"60ed371a9e6f5\">\n\t<div class=\"fl-col-content fl-node-content\">\n\t\t<\/div>\n<\/div>\n\t<\/div>\n\t\t<\/div>\n\t<\/div>\n<\/div>\n<\/div><div class=\"uabb-js-breakpoint\" style=\"display: none;\"><\/div>","protected":false},"excerpt":{"rendered":"<p>INTRODUCTION Mammoth Technologies is a Design and Manufacturing Corporation within the Mining and Drilling Industry, creating a dynamic presence in the International Market. The Mammoth Breakout Wrench drew attention to our Innovative yet uncomplicated approach to problem solving within the global market when we first introduced it in 1999. Development and product refinement and improvement [&hellip;]<\/p>","protected":false},"author":3,"featured_media":0,"parent":0,"menu_order":1,"comment_status":"closed","ping_status":"closed","template":"","meta":{"inline_featured_image":false,"_uag_custom_page_level_css":"","site-sidebar-layout":"no-sidebar","site-content-layout":"page-builder","ast-site-content-layout":"default","site-content-style":"default","site-sidebar-style":"default","ast-global-header-display":"","ast-banner-title-visibility":"","ast-main-header-display":"","ast-hfb-above-header-display":"","ast-hfb-below-header-display":"","ast-hfb-mobile-header-display":"","site-post-title":"disabled","ast-breadcrumbs-content":"disabled","ast-featured-img":"disabled","footer-sml-layout":"","ast-disable-related-posts":"","theme-transparent-header-meta":"default","adv-header-id-meta":"","stick-header-meta":"default","header-above-stick-meta":"","header-main-stick-meta":"","header-below-stick-meta":"","astra-migrate-meta-layouts":"default","ast-page-background-enabled":"default","ast-page-background-meta":{"desktop":{"background-color":"","background-image":"","background-repeat":"repeat","background-position":"center center","background-size":"auto","background-attachment":"scroll","background-type":"","background-media":"","overlay-type":"","overlay-color":"","overlay-opacity":"","overlay-gradient":""},"tablet":{"background-color":"","background-image":"","background-repeat":"repeat","background-position":"center center","background-size":"auto","background-attachment":"scroll","background-type":"","background-media":"","overlay-type":"","overlay-color":"","overlay-opacity":"","overlay-gradient":""},"mobile":{"background-color":"","background-image":"","background-repeat":"repeat","background-position":"center center","background-size":"auto","background-attachment":"scroll","background-type":"","background-media":"","overlay-type":"","overlay-color":"","overlay-opacity":"","overlay-gradient":""}},"ast-content-background-meta":{"desktop":{"background-color":"var(--ast-global-color-5)","background-image":"","background-repeat":"repeat","background-position":"center center","background-size":"auto","background-attachment":"scroll","background-type":"","background-media":"","overlay-type":"","overlay-color":"","overlay-opacity":"","overlay-gradient":""},"tablet":{"background-color":"var(--ast-global-color-5)","background-image":"","background-repeat":"repeat","background-position":"center center","background-size":"auto","background-attachment":"scroll","background-type":"","background-media":"","overlay-type":"","overlay-color":"","overlay-opacity":"","overlay-gradient":""},"mobile":{"background-color":"var(--ast-global-color-5)","background-image":"","background-repeat":"repeat","background-position":"center center","background-size":"auto","background-attachment":"scroll","background-type":"","background-media":"","overlay-type":"","overlay-color":"","overlay-opacity":"","overlay-gradient":""}},"footnotes":""},"class_list":["post-54","page","type-page","status-publish","hentry"],"uagb_featured_image_src":{"full":false,"thumbnail":false,"medium":false,"medium_large":false,"large":false,"1536x1536":false,"2048x2048":false,"trp-custom-language-flag":false},"uagb_author_info":{"display_name":"Anuschka Goldschagg","author_link":"https:\/\/mammothinter.com\/pt\/author\/dev\/"},"uagb_comment_info":0,"uagb_excerpt":"INTRODUCTION Mammoth Technologies is a Design and Manufacturing Corporation within the Mining and Drilling Industry, creating a dynamic presence in the International Market. The Mammoth Breakout Wrench drew attention to our Innovative yet uncomplicated approach to problem solving within the global market when we first introduced it in 1999. Development and product refinement and improvement&hellip;","_links":{"self":[{"href":"https:\/\/mammothinter.com\/pt\/wp-json\/wp\/v2\/pages\/54","targetHints":{"allow":["GET"]}}],"collection":[{"href":"https:\/\/mammothinter.com\/pt\/wp-json\/wp\/v2\/pages"}],"about":[{"href":"https:\/\/mammothinter.com\/pt\/wp-json\/wp\/v2\/types\/page"}],"author":[{"embeddable":true,"href":"https:\/\/mammothinter.com\/pt\/wp-json\/wp\/v2\/users\/3"}],"replies":[{"embeddable":true,"href":"https:\/\/mammothinter.com\/pt\/wp-json\/wp\/v2\/comments?post=54"}],"version-history":[{"count":43,"href":"https:\/\/mammothinter.com\/pt\/wp-json\/wp\/v2\/pages\/54\/revisions"}],"predecessor-version":[{"id":2362,"href":"https:\/\/mammothinter.com\/pt\/wp-json\/wp\/v2\/pages\/54\/revisions\/2362"}],"wp:attachment":[{"href":"https:\/\/mammothinter.com\/pt\/wp-json\/wp\/v2\/media?parent=54"}],"curies":[{"name":"wp","href":"https:\/\/api.w.org\/{rel}","templated":true}]}}