{"id":1092,"date":"2021-09-14T10:39:10","date_gmt":"2021-09-14T08:39:10","guid":{"rendered":"https:\/\/mammothinter.com\/?page_id=1092"},"modified":"2022-04-21T13:37:54","modified_gmt":"2022-04-21T11:37:54","slug":"mammoth-cl-technical-specifications-2","status":"publish","type":"page","link":"https:\/\/mammothinter.com\/pt\/mammoth-clamp-wrench\/mammoth-cl-technical-specifications-2\/","title":{"rendered":"Mammoth CHAVE DE BRA\u00c7ADEIRA Exemplos de instala\u00e7\u00e3o"},"content":{"rendered":"<div class=\"fl-builder-content fl-builder-content-1092 fl-builder-global-templates-locked\" data-post-id=\"1092\"><div class=\"fl-row fl-row-full-width fl-row-bg-photo fl-node-6140540bb109a fl-row-custom-height fl-row-align-center\" data-node=\"6140540bb109a\">\n\t<div class=\"fl-row-content-wrap\">\n\t\t<div class=\"uabb-row-separator uabb-top-row-separator\" >\r\n<\/div>\r\n\t\t\t\t\t\t<div class=\"fl-row-content fl-row-fixed-width fl-node-content\">\n\t\t\n<div class=\"fl-col-group fl-node-6140540bb1092\" data-node=\"6140540bb1092\">\n\t\t\t<div class=\"fl-col fl-node-6140540bb1093 fl-col-has-cols\" data-node=\"6140540bb1093\">\n\t<div class=\"fl-col-content fl-node-content\">\n\t\n<div class=\"fl-col-group fl-node-6140540bb1095 fl-col-group-nested\" data-node=\"6140540bb1095\">\n\t\t\t<div class=\"fl-col fl-node-6140540bb1096 fl-col-small fl-visible-desktop\" data-node=\"6140540bb1096\">\n\t<div class=\"fl-col-content fl-node-content\">\n\t\t<\/div>\n<\/div>\n\t\t\t<div class=\"fl-col fl-node-6140540bb1097 fl-col-small fl-visible-medium-mobile\" data-node=\"6140540bb1097\">\n\t<div class=\"fl-col-content fl-node-content\">\n\t\t<\/div>\n<\/div>\n\t\t\t<div class=\"fl-col fl-node-6140540bb1098 fl-col-small fl-visible-desktop-medium\" data-node=\"6140540bb1098\">\n\t<div class=\"fl-col-content fl-node-content\">\n\t\t<\/div>\n<\/div>\n\t<\/div>\n<div class=\"fl-module fl-module-rich-text fl-node-6140540bb1094 fl-visible-desktop-medium\" data-node=\"6140540bb1094\">\n\t<div class=\"fl-module-content fl-node-content\">\n\t\t<div class=\"fl-rich-text\">\n\t<\/div>\n\t<\/div>\n<\/div>\n\t<\/div>\n<\/div>\n\t<\/div>\n\t\t<\/div>\n\t<\/div>\n<\/div>\n<div class=\"fl-row fl-row-full-width fl-row-bg-none fl-node-6140540bb1072\" data-node=\"6140540bb1072\">\n\t<div class=\"fl-row-content-wrap\">\n\t\t<div class=\"uabb-row-separator uabb-top-row-separator\" >\r\n<\/div>\r\n\t\t\t\t\t\t<div class=\"fl-row-content fl-row-fixed-width fl-node-content\">\n\t\t\n<div class=\"fl-col-group fl-node-6140540bb1073\" data-node=\"6140540bb1073\">\n\t\t\t<div class=\"fl-col fl-node-6140540bb1074 fl-col-small\" data-node=\"6140540bb1074\">\n\t<div class=\"fl-col-content fl-node-content\">\n\t\t<\/div>\n<\/div>\n\t\t\t<div class=\"fl-col fl-node-6140540bb1075\" data-node=\"6140540bb1075\">\n\t<div class=\"fl-col-content fl-node-content\">\n\t<div class=\"fl-module fl-module-heading fl-node-6140540bb1076\" data-node=\"6140540bb1076\">\n\t<div class=\"fl-module-content fl-node-content\">\n\t\t<h4 class=\"fl-heading\">\n\t\t<span class=\"fl-heading-text\">MAMMOTH BREAKOUT WRENCH<\/span>\n\t<\/h4>\n\t<\/div>\n<\/div>\n\t<\/div>\n<\/div>\n\t<\/div>\n\t\t<\/div>\n\t<\/div>\n<\/div>\n<div class=\"fl-row fl-row-full-width fl-row-bg-none fl-node-6140540bb1067\" data-node=\"6140540bb1067\">\n\t<div class=\"fl-row-content-wrap\">\n\t\t<div class=\"uabb-row-separator uabb-top-row-separator\" >\r\n<\/div>\r\n\t\t\t\t\t\t<div class=\"fl-row-content fl-row-fixed-width fl-node-content\">\n\t\t\n<div class=\"fl-col-group fl-node-6140540bb106e\" data-node=\"6140540bb106e\">\n\t\t\t<div class=\"fl-col fl-node-6140540bb1070 fl-col-small\" data-node=\"6140540bb1070\">\n\t<div class=\"fl-col-content fl-node-content\">\n\t<div class=\"fl-module fl-module-menu fl-node-614194776ea89 fl-visible-desktop-medium\" data-node=\"614194776ea89\">\n\t<div class=\"fl-module-content fl-node-content\">\n\t\t<div class=\"fl-menu\">\n\t\t<div class=\"fl-clear\"><\/div>\n\t<nav aria-label=\"Menu\" itemscope=\"itemscope\" itemtype=\"https:\/\/schema.org\/SiteNavigationElement\"><ul id=\"menu-clamp-wrench-menu\" class=\"menu fl-menu-vertical fl-toggle-none\"><li id=\"menu-item-1162\" class=\"menu-item menu-item-type-post_type menu-item-object-page\"><a href=\"https:\/\/mammothinter.com\/pt\/mammoth-clamp-wrench\/\">CHAVE DE BRA\u00c7ADEIRA<\/a><\/li><li id=\"menu-item-1161\" class=\"menu-item menu-item-type-post_type menu-item-object-page\"><a href=\"https:\/\/mammothinter.com\/pt\/mammoth-clamp-wrench\/mammoth-cl-technical-specifications\/\">ESPECIFICA\u00c7\u00d5ES T\u00c9CNICAS<\/a><\/li><li id=\"menu-item-1160\" class=\"menu-item menu-item-type-post_type menu-item-object-page\"><a href=\"https:\/\/mammothinter.com\/pt\/mammoth-clamp-wrench\/mammoth-cl-technical-specifications-2\/\">EXEMPLOS DE INSTALA\u00c7\u00c3O<\/a><\/li><\/ul><\/nav><\/div>\n\t<\/div>\n<\/div>\n<div class=\"fl-module fl-module-button fl-node-6140540bb1079\" data-node=\"6140540bb1079\">\n\t<div class=\"fl-module-content fl-node-content\">\n\t\t<div class=\"fl-button-wrap fl-button-width-full fl-button-left\">\n\t\t\t<a href=\"\" target=\"_self\" class=\"fl-button\" role=\"button\">\n\t\t\t\t\t\t\t<span class=\"fl-button-text\">Product enquiry<\/span>\n\t\t\t\t\t<\/a>\n<\/div>\n\t<\/div>\n<\/div>\n<div class=\"fl-module fl-module-rich-text fl-node-6140540bb107a\" data-node=\"6140540bb107a\">\n\t<div class=\"fl-module-content fl-node-content\">\n\t\t<div class=\"fl-rich-text\">\n\t<p>Mammoth CHAVE DE BRA\u00c7ADEIRA<\/p>\n<\/div>\n\t<\/div>\n<\/div>\n\t<\/div>\n<\/div>\n\t\t\t<div class=\"fl-col fl-node-6140540bb1071\" data-node=\"6140540bb1071\">\n\t<div class=\"fl-col-content fl-node-content\">\n\t<div class=\"fl-module fl-module-heading fl-node-61405af1e461c\" data-node=\"61405af1e461c\">\n\t<div class=\"fl-module-content fl-node-content\">\n\t\t<h6 class=\"fl-heading\">\n\t\t<span class=\"fl-heading-text\">Mammoth CHAVE DE BRA\u00c7ADEIRA instalado em um Epiroc C14<\/span>\n\t<\/h6>\n\t<\/div>\n<\/div>\n<div class=\"fl-module fl-module-photo-gallery fl-node-61405f2ad7f49\" data-node=\"61405f2ad7f49\">\n\t<div class=\"fl-module-content fl-node-content\">\n\t\t\t<div class=\"uabb-module-content uabb-photo-gallery uabb-gallery-grid4 zoom-in\" data-nonce=\"1ac002d4c0\" data-all-filters= \"\">\r\n\t\t\t\t<div class=\"uabb-photo-gallery-item  uabb-photo-item-grid\" data-item-id=\"1076\" itemprop=\"associatedMedia\" itemscope=\"itemscope\" itemtype=\"http:\/\/schema.org\/ImageObject\">\r\n\t\t\t<div class=\"uabb-photo-gallery-content uabb-photo-gallery-link\">\r\n\r\n\t\t\t\t\t\t\t\t\t\t\t\t\t\t\t\t\t\t\t\t\t\t\t\t\t\t\t\t\t\t\t\t\t\t\t\t\t\t\t\t\t\t\t\t\t\t\t\t\t<a href=\"https:\/\/mammothinter.com\/wp-content\/uploads\/2021\/09\/CW_1@2x.jpg\" target=\"_blank\" rel=\"noopener\" data-caption=\"\" itemprop=\"contentUrl\">\t\t\t\t\r\n\t\t\t\t<img decoding=\"async\" class=\"uabb-gallery-img\" src=\"https:\/\/mammothinter.com\/wp-content\/uploads\/2021\/09\/CW_1@2x-300x199.jpg\" alt=\"\" title=\"CW_1@2x\" itemprop=\"thumbnail\" \/>\r\n\t\t\t\t\t\t\t\t\t\t\t\t\t\t\t\t\t\t\t\t\t\t\t\t\t\t\t\t<!-- Overlay Wrapper -->\r\n\t\t\t\t\t<div class=\"uabb-background-mask zoom-in\">\r\n\t\t\t\t\t\t<div class=\"uabb-inner-mask\">\r\n\r\n\t\t\t\t\t\t\t\t\t\t\t\t\t\t\t\t\t\t\t\t\t\t\t\t\t\r\n\t\t\t\t\t\t\t\t\t\t\t\t\t\t\t\t\t\t\t\t\t\t\t\t\t\r\n\t\t\t\t\t\t<\/div>\r\n\t\t\t\t\t<\/div> <!-- Overlay Wrapper Closed -->\r\n\t\t\t\t\r\n\t\t\t\t\t\t\t\t\t\t\t\t\t\t\t\t\t\t\t\t\t\t\t\t\t\t\t<\/a>\r\n\t\t\t\t\t\t\t\t\t\t\t\t\t\t\t\t\t\t\t\t\t\t\t\t\t\t\t\t\t\t<\/div>\r\n\t\t\t\t\t\t\t\t\t\t\t\t\t\t\t\t\t\t\t\t\t\t\t\t\t<\/div>\r\n\r\n\t\t\t\t<div class=\"uabb-photo-gallery-item  uabb-photo-item-grid\" data-item-id=\"1077\" itemprop=\"associatedMedia\" itemscope=\"itemscope\" itemtype=\"http:\/\/schema.org\/ImageObject\">\r\n\t\t\t<div class=\"uabb-photo-gallery-content uabb-photo-gallery-link\">\r\n\r\n\t\t\t\t\t\t\t\t\t\t\t\t\t\t\t\t\t\t\t\t\t\t\t\t\t\t\t\t\t\t\t\t\t\t\t\t\t\t\t\t\t\t\t\t\t\t\t\t\t<a href=\"https:\/\/mammothinter.com\/wp-content\/uploads\/2021\/09\/CW_2@2x.jpg\" target=\"_blank\" rel=\"noopener\" data-caption=\"\" itemprop=\"contentUrl\">\t\t\t\t\r\n\t\t\t\t<img decoding=\"async\" class=\"uabb-gallery-img\" src=\"https:\/\/mammothinter.com\/wp-content\/uploads\/2021\/09\/CW_2@2x-300x199.jpg\" alt=\"\" title=\"CW_2@2x\" itemprop=\"thumbnail\" \/>\r\n\t\t\t\t\t\t\t\t\t\t\t\t\t\t\t\t\t\t\t\t\t\t\t\t\t\t\t\t<!-- Overlay Wrapper -->\r\n\t\t\t\t\t<div class=\"uabb-background-mask zoom-in\">\r\n\t\t\t\t\t\t<div class=\"uabb-inner-mask\">\r\n\r\n\t\t\t\t\t\t\t\t\t\t\t\t\t\t\t\t\t\t\t\t\t\t\t\t\t\r\n\t\t\t\t\t\t\t\t\t\t\t\t\t\t\t\t\t\t\t\t\t\t\t\t\t\r\n\t\t\t\t\t\t<\/div>\r\n\t\t\t\t\t<\/div> <!-- Overlay Wrapper Closed -->\r\n\t\t\t\t\r\n\t\t\t\t\t\t\t\t\t\t\t\t\t\t\t\t\t\t\t\t\t\t\t\t\t\t\t<\/a>\r\n\t\t\t\t\t\t\t\t\t\t\t\t\t\t\t\t\t\t\t\t\t\t\t\t\t\t\t\t\t\t<\/div>\r\n\t\t\t\t\t\t\t\t\t\t\t\t\t\t\t\t\t\t\t\t\t\t\t\t\t<\/div>\r\n\r\n\t\t\t\t<div class=\"uabb-photo-gallery-item  uabb-photo-item-grid\" data-item-id=\"1078\" itemprop=\"associatedMedia\" itemscope=\"itemscope\" itemtype=\"http:\/\/schema.org\/ImageObject\">\r\n\t\t\t<div class=\"uabb-photo-gallery-content uabb-photo-gallery-link\">\r\n\r\n\t\t\t\t\t\t\t\t\t\t\t\t\t\t\t\t\t\t\t\t\t\t\t\t\t\t\t\t\t\t\t\t\t\t\t\t\t\t\t\t\t\t\t\t\t\t\t\t\t<a href=\"https:\/\/mammothinter.com\/wp-content\/uploads\/2021\/09\/CW_3@2x.jpg\" target=\"_blank\" rel=\"noopener\" data-caption=\"\" itemprop=\"contentUrl\">\t\t\t\t\r\n\t\t\t\t<img decoding=\"async\" class=\"uabb-gallery-img\" src=\"https:\/\/mammothinter.com\/wp-content\/uploads\/2021\/09\/CW_3@2x-300x199.jpg\" alt=\"\" title=\"CW_3@2x\" itemprop=\"thumbnail\" \/>\r\n\t\t\t\t\t\t\t\t\t\t\t\t\t\t\t\t\t\t\t\t\t\t\t\t\t\t\t\t<!-- Overlay Wrapper -->\r\n\t\t\t\t\t<div class=\"uabb-background-mask zoom-in\">\r\n\t\t\t\t\t\t<div class=\"uabb-inner-mask\">\r\n\r\n\t\t\t\t\t\t\t\t\t\t\t\t\t\t\t\t\t\t\t\t\t\t\t\t\t\r\n\t\t\t\t\t\t\t\t\t\t\t\t\t\t\t\t\t\t\t\t\t\t\t\t\t\r\n\t\t\t\t\t\t<\/div>\r\n\t\t\t\t\t<\/div> <!-- Overlay Wrapper Closed -->\r\n\t\t\t\t\r\n\t\t\t\t\t\t\t\t\t\t\t\t\t\t\t\t\t\t\t\t\t\t\t\t\t\t\t<\/a>\r\n\t\t\t\t\t\t\t\t\t\t\t\t\t\t\t\t\t\t\t\t\t\t\t\t\t\t\t\t\t\t<\/div>\r\n\t\t\t\t\t\t\t\t\t\t\t\t\t\t\t\t\t\t\t\t\t\t\t\t\t<\/div>\r\n\r\n\t\t\t\t<div class=\"uabb-photo-gallery-item  uabb-photo-item-grid\" data-item-id=\"1079\" itemprop=\"associatedMedia\" itemscope=\"itemscope\" itemtype=\"http:\/\/schema.org\/ImageObject\">\r\n\t\t\t<div class=\"uabb-photo-gallery-content uabb-photo-gallery-link\">\r\n\r\n\t\t\t\t\t\t\t\t\t\t\t\t\t\t\t\t\t\t\t\t\t\t\t\t\t\t\t\t\t\t\t\t\t\t\t\t\t\t\t\t\t\t\t\t\t\t\t\t\t<a href=\"https:\/\/mammothinter.com\/wp-content\/uploads\/2021\/09\/CW_4@2x.jpg\" target=\"_blank\" rel=\"noopener\" data-caption=\"\" itemprop=\"contentUrl\">\t\t\t\t\r\n\t\t\t\t<img decoding=\"async\" class=\"uabb-gallery-img\" src=\"https:\/\/mammothinter.com\/wp-content\/uploads\/2021\/09\/CW_4@2x-300x199.jpg\" alt=\"\" title=\"CW_4@2x\" itemprop=\"thumbnail\" \/>\r\n\t\t\t\t\t\t\t\t\t\t\t\t\t\t\t\t\t\t\t\t\t\t\t\t\t\t\t\t<!-- Overlay Wrapper -->\r\n\t\t\t\t\t<div class=\"uabb-background-mask zoom-in\">\r\n\t\t\t\t\t\t<div class=\"uabb-inner-mask\">\r\n\r\n\t\t\t\t\t\t\t\t\t\t\t\t\t\t\t\t\t\t\t\t\t\t\t\t\t\r\n\t\t\t\t\t\t\t\t\t\t\t\t\t\t\t\t\t\t\t\t\t\t\t\t\t\r\n\t\t\t\t\t\t<\/div>\r\n\t\t\t\t\t<\/div> <!-- Overlay Wrapper Closed -->\r\n\t\t\t\t\r\n\t\t\t\t\t\t\t\t\t\t\t\t\t\t\t\t\t\t\t\t\t\t\t\t\t\t\t<\/a>\r\n\t\t\t\t\t\t\t\t\t\t\t\t\t\t\t\t\t\t\t\t\t\t\t\t\t\t\t\t\t\t<\/div>\r\n\t\t\t\t\t\t\t\t\t\t\t\t\t\t\t\t\t\t\t\t\t\t\t\t\t<\/div>\r\n\r\n\t\t\t\t<div class=\"uabb-photo-gallery-item  uabb-photo-item-grid\" data-item-id=\"1080\" itemprop=\"associatedMedia\" itemscope=\"itemscope\" itemtype=\"http:\/\/schema.org\/ImageObject\">\r\n\t\t\t<div class=\"uabb-photo-gallery-content uabb-photo-gallery-link\">\r\n\r\n\t\t\t\t\t\t\t\t\t\t\t\t\t\t\t\t\t\t\t\t\t\t\t\t\t\t\t\t\t\t\t\t\t\t\t\t\t\t\t\t\t\t\t\t\t\t\t\t\t<a href=\"https:\/\/mammothinter.com\/wp-content\/uploads\/2021\/09\/CW_5@2x.jpg\" target=\"_blank\" rel=\"noopener\" data-caption=\"\" itemprop=\"contentUrl\">\t\t\t\t\r\n\t\t\t\t<img decoding=\"async\" class=\"uabb-gallery-img\" src=\"https:\/\/mammothinter.com\/wp-content\/uploads\/2021\/09\/CW_5@2x-300x199.jpg\" alt=\"\" title=\"CW_5@2x\" itemprop=\"thumbnail\" \/>\r\n\t\t\t\t\t\t\t\t\t\t\t\t\t\t\t\t\t\t\t\t\t\t\t\t\t\t\t\t<!-- Overlay Wrapper -->\r\n\t\t\t\t\t<div class=\"uabb-background-mask zoom-in\">\r\n\t\t\t\t\t\t<div class=\"uabb-inner-mask\">\r\n\r\n\t\t\t\t\t\t\t\t\t\t\t\t\t\t\t\t\t\t\t\t\t\t\t\t\t\r\n\t\t\t\t\t\t\t\t\t\t\t\t\t\t\t\t\t\t\t\t\t\t\t\t\t\r\n\t\t\t\t\t\t<\/div>\r\n\t\t\t\t\t<\/div> <!-- Overlay Wrapper Closed -->\r\n\t\t\t\t\r\n\t\t\t\t\t\t\t\t\t\t\t\t\t\t\t\t\t\t\t\t\t\t\t\t\t\t\t<\/a>\r\n\t\t\t\t\t\t\t\t\t\t\t\t\t\t\t\t\t\t\t\t\t\t\t\t\t\t\t\t\t\t<\/div>\r\n\t\t\t\t\t\t\t\t\t\t\t\t\t\t\t\t\t\t\t\t\t\t\t\t\t<\/div>\r\n\r\n\t\t\t<\/div>\r\n\t\t<\/div>\n<\/div>\n\t<\/div>\n<\/div>\n\t<\/div>\n\t\t<\/div>\n\t<\/div>\n<\/div>\n<div class=\"fl-row fl-row-full-width fl-row-bg-none fl-node-6140540bb109c\" data-node=\"6140540bb109c\">\n\t<div class=\"fl-row-content-wrap\">\n\t\t<div class=\"uabb-row-separator uabb-top-row-separator\" >\r\n<\/div>\r\n\t\t\t\t\t\t<div class=\"fl-row-content fl-row-fixed-width fl-node-content\">\n\t\t\n<div class=\"fl-col-group fl-node-6140540bb109d\" data-node=\"6140540bb109d\">\n\t\t\t<div class=\"fl-col fl-node-6140540bb109e\" data-node=\"6140540bb109e\">\n\t<div class=\"fl-col-content fl-node-content\">\n\t\t<\/div>\n<\/div>\n\t<\/div>\n\n<div class=\"fl-col-group fl-node-6146e82611f8f\" data-node=\"6146e82611f8f\">\n\t\t\t<div class=\"fl-col fl-node-6146e826121b5\" data-node=\"6146e826121b5\">\n\t<div class=\"fl-col-content fl-node-content\">\n\t<div class=\"fl-module fl-module-menu fl-node-6146e82611e57 fl-visible-mobile\" data-node=\"6146e82611e57\">\n\t<div class=\"fl-module-content fl-node-content\">\n\t\t<div class=\"fl-menu\">\n\t\t<div class=\"fl-clear\"><\/div>\n\t<nav aria-label=\"Menu\" itemscope=\"itemscope\" itemtype=\"https:\/\/schema.org\/SiteNavigationElement\"><ul id=\"menu-clamp-wrench-menu-1\" class=\"menu fl-menu-vertical fl-toggle-none\"><li id=\"menu-item-1162\" class=\"menu-item menu-item-type-post_type menu-item-object-page\"><a href=\"https:\/\/mammothinter.com\/pt\/mammoth-clamp-wrench\/\">CHAVE DE BRA\u00c7ADEIRA<\/a><\/li><li id=\"menu-item-1161\" class=\"menu-item menu-item-type-post_type menu-item-object-page\"><a href=\"https:\/\/mammothinter.com\/pt\/mammoth-clamp-wrench\/mammoth-cl-technical-specifications\/\">ESPECIFICA\u00c7\u00d5ES T\u00c9CNICAS<\/a><\/li><li id=\"menu-item-1160\" class=\"menu-item menu-item-type-post_type menu-item-object-page\"><a href=\"https:\/\/mammothinter.com\/pt\/mammoth-clamp-wrench\/mammoth-cl-technical-specifications-2\/\">EXEMPLOS DE INSTALA\u00c7\u00c3O<\/a><\/li><\/ul><\/nav><\/div>\n\t<\/div>\n<\/div>\n\t<\/div>\n<\/div>\n\t<\/div>\n\t\t<\/div>\n\t<\/div>\n<\/div>\n<\/div><div class=\"uabb-js-breakpoint\" style=\"display: none;\"><\/div>","protected":false},"excerpt":{"rendered":"<p>MAMMOTH BREAKOUT WRENCH CLAMP WRENCH TECHNICAL SPECIFICATIONS FITMENT EXAMPLES Product enquiry Mammoth Clamp Wrench The Mammoth Clamp Wrench fitted to an Epiroc C14 CLAMP WRENCH TECHNICAL SPECIFICATIONS FITMENT EXAMPLES<\/p>","protected":false},"author":3,"featured_media":0,"parent":1081,"menu_order":6,"comment_status":"closed","ping_status":"closed","template":"","meta":{"inline_featured_image":false,"_uag_custom_page_level_css":"","site-sidebar-layout":"no-sidebar","site-content-layout":"page-builder","ast-site-content-layout":"default","site-content-style":"default","site-sidebar-style":"default","ast-global-header-display":"","ast-banner-title-visibility":"","ast-main-header-display":"","ast-hfb-above-header-display":"","ast-hfb-below-header-display":"","ast-hfb-mobile-header-display":"","site-post-title":"disabled","ast-breadcrumbs-content":"disabled","ast-featured-img":"disabled","footer-sml-layout":"","ast-disable-related-posts":"","theme-transparent-header-meta":"default","adv-header-id-meta":"","stick-header-meta":"default","header-above-stick-meta":"","header-main-stick-meta":"","header-below-stick-meta":"","astra-migrate-meta-layouts":"default","ast-page-background-enabled":"default","ast-page-background-meta":{"desktop":{"background-color":"","background-image":"","background-repeat":"repeat","background-position":"center center","background-size":"auto","background-attachment":"scroll","background-type":"","background-media":"","overlay-type":"","overlay-color":"","overlay-opacity":"","overlay-gradient":""},"tablet":{"background-color":"","background-image":"","background-repeat":"repeat","background-position":"center center","background-size":"auto","background-attachment":"scroll","background-type":"","background-media":"","overlay-type":"","overlay-color":"","overlay-opacity":"","overlay-gradient":""},"mobile":{"background-color":"","background-image":"","background-repeat":"repeat","background-position":"center center","background-size":"auto","background-attachment":"scroll","background-type":"","background-media":"","overlay-type":"","overlay-color":"","overlay-opacity":"","overlay-gradient":""}},"ast-content-background-meta":{"desktop":{"background-color":"var(--ast-global-color-5)","background-image":"","background-repeat":"repeat","background-position":"center center","background-size":"auto","background-attachment":"scroll","background-type":"","background-media":"","overlay-type":"","overlay-color":"","overlay-opacity":"","overlay-gradient":""},"tablet":{"background-color":"var(--ast-global-color-5)","background-image":"","background-repeat":"repeat","background-position":"center center","background-size":"auto","background-attachment":"scroll","background-type":"","background-media":"","overlay-type":"","overlay-color":"","overlay-opacity":"","overlay-gradient":""},"mobile":{"background-color":"var(--ast-global-color-5)","background-image":"","background-repeat":"repeat","background-position":"center center","background-size":"auto","background-attachment":"scroll","background-type":"","background-media":"","overlay-type":"","overlay-color":"","overlay-opacity":"","overlay-gradient":""}},"footnotes":""},"class_list":["post-1092","page","type-page","status-publish","hentry"],"uagb_featured_image_src":{"full":false,"thumbnail":false,"medium":false,"medium_large":false,"large":false,"1536x1536":false,"2048x2048":false,"trp-custom-language-flag":false},"uagb_author_info":{"display_name":"Anuschka Goldschagg","author_link":"https:\/\/mammothinter.com\/pt\/author\/dev\/"},"uagb_comment_info":0,"uagb_excerpt":"MAMMOTH BREAKOUT WRENCH CLAMP WRENCH TECHNICAL SPECIFICATIONS FITMENT EXAMPLES Product enquiry Mammoth Clamp Wrench The Mammoth Clamp Wrench fitted to an Epiroc C14 CLAMP WRENCH TECHNICAL SPECIFICATIONS FITMENT EXAMPLES","_links":{"self":[{"href":"https:\/\/mammothinter.com\/pt\/wp-json\/wp\/v2\/pages\/1092","targetHints":{"allow":["GET"]}}],"collection":[{"href":"https:\/\/mammothinter.com\/pt\/wp-json\/wp\/v2\/pages"}],"about":[{"href":"https:\/\/mammothinter.com\/pt\/wp-json\/wp\/v2\/types\/page"}],"author":[{"embeddable":true,"href":"https:\/\/mammothinter.com\/pt\/wp-json\/wp\/v2\/users\/3"}],"replies":[{"embeddable":true,"href":"https:\/\/mammothinter.com\/pt\/wp-json\/wp\/v2\/comments?post=1092"}],"version-history":[{"count":19,"href":"https:\/\/mammothinter.com\/pt\/wp-json\/wp\/v2\/pages\/1092\/revisions"}],"predecessor-version":[{"id":2442,"href":"https:\/\/mammothinter.com\/pt\/wp-json\/wp\/v2\/pages\/1092\/revisions\/2442"}],"up":[{"embeddable":true,"href":"https:\/\/mammothinter.com\/pt\/wp-json\/wp\/v2\/pages\/1081"}],"wp:attachment":[{"href":"https:\/\/mammothinter.com\/pt\/wp-json\/wp\/v2\/media?parent=1092"}],"curies":[{"name":"wp","href":"https:\/\/api.w.org\/{rel}","templated":true}]}}