{"id":1083,"date":"2021-09-14T09:47:46","date_gmt":"2021-09-14T07:47:46","guid":{"rendered":"https:\/\/mammothinter.com\/?page_id=1083"},"modified":"2022-04-21T13:25:57","modified_gmt":"2022-04-21T11:25:57","slug":"mammoth-cl-technical-specifications","status":"publish","type":"page","link":"https:\/\/mammothinter.com\/pt\/mammoth-clamp-wrench\/mammoth-cl-technical-specifications\/","title":{"rendered":"Mammoth CHAVE DE BRA\u00c7ADEIRA ESPECIFICA\u00c7\u00d5ES T\u00c9CNICAS"},"content":{"rendered":"<div class=\"fl-builder-content fl-builder-content-1083 fl-builder-global-templates-locked\" data-post-id=\"1083\"><div class=\"fl-row fl-row-full-width fl-row-bg-photo fl-node-6140407d4feae fl-row-custom-height fl-row-align-center\" data-node=\"6140407d4feae\">\n\t<div class=\"fl-row-content-wrap\">\n\t\t<div class=\"uabb-row-separator uabb-top-row-separator\" >\r\n<\/div>\r\n\t\t\t\t\t\t<div class=\"fl-row-content fl-row-fixed-width fl-node-content\">\n\t\t\n<div class=\"fl-col-group fl-node-6140407d4fea6\" data-node=\"6140407d4fea6\">\n\t\t\t<div class=\"fl-col fl-node-6140407d4fea7 fl-col-has-cols\" data-node=\"6140407d4fea7\">\n\t<div class=\"fl-col-content fl-node-content\">\n\t\n<div class=\"fl-col-group fl-node-6140407d4fea9 fl-col-group-nested\" data-node=\"6140407d4fea9\">\n\t\t\t<div class=\"fl-col fl-node-6140407d4feaa fl-col-small fl-visible-desktop\" data-node=\"6140407d4feaa\">\n\t<div class=\"fl-col-content fl-node-content\">\n\t\t<\/div>\n<\/div>\n\t\t\t<div class=\"fl-col fl-node-6140407d4feab fl-col-small fl-visible-medium-mobile\" data-node=\"6140407d4feab\">\n\t<div class=\"fl-col-content fl-node-content\">\n\t\t<\/div>\n<\/div>\n\t\t\t<div class=\"fl-col fl-node-6140407d4feac fl-col-small fl-visible-desktop-medium\" data-node=\"6140407d4feac\">\n\t<div class=\"fl-col-content fl-node-content\">\n\t\t<\/div>\n<\/div>\n\t<\/div>\n<div class=\"fl-module fl-module-rich-text fl-node-6140407d4fea8 fl-visible-desktop-medium\" data-node=\"6140407d4fea8\">\n\t<div class=\"fl-module-content fl-node-content\">\n\t\t<div class=\"fl-rich-text\">\n\t<\/div>\n\t<\/div>\n<\/div>\n\t<\/div>\n<\/div>\n\t<\/div>\n\t\t<\/div>\n\t<\/div>\n<\/div>\n<div class=\"fl-row fl-row-full-width fl-row-bg-none fl-node-6140407d4fe93\" data-node=\"6140407d4fe93\">\n\t<div class=\"fl-row-content-wrap\">\n\t\t<div class=\"uabb-row-separator uabb-top-row-separator\" >\r\n<\/div>\r\n\t\t\t\t\t\t<div class=\"fl-row-content fl-row-fixed-width fl-node-content\">\n\t\t\n<div class=\"fl-col-group fl-node-6140407d4fe94\" data-node=\"6140407d4fe94\">\n\t\t\t<div class=\"fl-col fl-node-6140407d4fe95 fl-col-small\" data-node=\"6140407d4fe95\">\n\t<div class=\"fl-col-content fl-node-content\">\n\t\t<\/div>\n<\/div>\n\t\t\t<div class=\"fl-col fl-node-6140407d4fe96\" data-node=\"6140407d4fe96\">\n\t<div class=\"fl-col-content fl-node-content\">\n\t<div class=\"fl-module fl-module-heading fl-node-6140407d4fe97\" data-node=\"6140407d4fe97\">\n\t<div class=\"fl-module-content fl-node-content\">\n\t\t<h4 class=\"fl-heading\">\n\t\t<span class=\"fl-heading-text\">MAMMOTH BREAKOUT WRENCH<\/span>\n\t<\/h4>\n\t<\/div>\n<\/div>\n\t<\/div>\n<\/div>\n\t<\/div>\n\t\t<\/div>\n\t<\/div>\n<\/div>\n<div class=\"fl-row fl-row-full-width fl-row-bg-none fl-node-6140407d4fe89\" data-node=\"6140407d4fe89\">\n\t<div class=\"fl-row-content-wrap\">\n\t\t<div class=\"uabb-row-separator uabb-top-row-separator\" >\r\n<\/div>\r\n\t\t\t\t\t\t<div class=\"fl-row-content fl-row-fixed-width fl-node-content\">\n\t\t\n<div class=\"fl-col-group fl-node-6140407d4fe8f\" data-node=\"6140407d4fe8f\">\n\t\t\t<div class=\"fl-col fl-node-6140407d4fe91 fl-col-small\" data-node=\"6140407d4fe91\">\n\t<div class=\"fl-col-content fl-node-content\">\n\t<div class=\"fl-module fl-module-menu fl-node-6141935f91b2a fl-visible-desktop-medium\" data-node=\"6141935f91b2a\">\n\t<div class=\"fl-module-content fl-node-content\">\n\t\t<div class=\"fl-menu\">\n\t\t<div class=\"fl-clear\"><\/div>\n\t<nav aria-label=\"Menu\" itemscope=\"itemscope\" itemtype=\"https:\/\/schema.org\/SiteNavigationElement\"><ul id=\"menu-clamp-wrench-menu\" class=\"menu fl-menu-vertical fl-toggle-none\"><li id=\"menu-item-1162\" class=\"menu-item menu-item-type-post_type menu-item-object-page\"><a href=\"https:\/\/mammothinter.com\/pt\/mammoth-clamp-wrench\/\">CHAVE DE BRA\u00c7ADEIRA<\/a><\/li><li id=\"menu-item-1161\" class=\"menu-item menu-item-type-post_type menu-item-object-page\"><a href=\"https:\/\/mammothinter.com\/pt\/mammoth-clamp-wrench\/mammoth-cl-technical-specifications\/\">ESPECIFICA\u00c7\u00d5ES T\u00c9CNICAS<\/a><\/li><li id=\"menu-item-1160\" class=\"menu-item menu-item-type-post_type menu-item-object-page\"><a href=\"https:\/\/mammothinter.com\/pt\/mammoth-clamp-wrench\/mammoth-cl-technical-specifications-2\/\">EXEMPLOS DE INSTALA\u00c7\u00c3O<\/a><\/li><\/ul><\/nav><\/div>\n\t<\/div>\n<\/div>\n<div class=\"fl-module fl-module-button fl-node-6140407d4fe9a\" data-node=\"6140407d4fe9a\">\n\t<div class=\"fl-module-content fl-node-content\">\n\t\t<div class=\"fl-button-wrap fl-button-width-full fl-button-left\">\n\t\t\t<a href=\"\" target=\"_self\" class=\"fl-button\" role=\"button\">\n\t\t\t\t\t\t\t<span class=\"fl-button-text\">Product enquiry<\/span>\n\t\t\t\t\t<\/a>\n<\/div>\n\t<\/div>\n<\/div>\n<div class=\"fl-module fl-module-rich-text fl-node-6140407d4fe9b\" data-node=\"6140407d4fe9b\">\n\t<div class=\"fl-module-content fl-node-content\">\n\t\t<div class=\"fl-rich-text\">\n\t<p>Mammoth CHAVE DE BRA\u00c7ADEIRA<\/p>\n<\/div>\n\t<\/div>\n<\/div>\n\t<\/div>\n<\/div>\n\t\t\t<div class=\"fl-col fl-node-6140407d4fe92 fl-col-has-cols\" data-node=\"6140407d4fe92\">\n\t<div class=\"fl-col-content fl-node-content\">\n\t<div class=\"fl-module fl-module-rich-text fl-node-6140407d4fe9e\" data-node=\"6140407d4fe9e\">\n\t<div class=\"fl-module-content fl-node-content\">\n\t\t<div class=\"fl-rich-text\">\n\t<p>\n<table id=\"tablepress-14\" class=\"tablepress tablepress-id-14 mammoth-table-1\">\n<thead>\n<tr class=\"row-1\">\n\t<th class=\"column-1\">ESPECIFICA\u00c7\u00d5ES T\u00c9CNICAS<br \/>\nEspecifica\u00e7\u00f5es<\/th><th class=\"column-2\">Todos os projetos, especifica\u00e7\u00f5es e componentes do equipamento aqui descritos est\u00e3o sujeitos a altera\u00e7\u00f5es a crit\u00e9rio do fabricante a qualquer momento, sem aviso pr\u00e9vio.<\/th>\n<\/tr>\n<\/thead>\n<tbody class=\"row-hover\">\n<tr class=\"row-2\">\n\t<td class=\"column-1\">Tipo de chave<\/td><td class=\"column-2\">Chave de grampo<\/td>\n<\/tr>\n<tr class=\"row-3\">\n\t<td class=\"column-1\">Tipo de grampo<\/td><td class=\"column-2\">Grampo deslizante<\/td>\n<\/tr>\n<tr class=\"row-4\">\n\t<td class=\"column-1\">Press\u00e3o<br \/>\nRequisitos<\/td><td class=\"column-2\">2,500 PSI<\/td>\n<\/tr>\n<tr class=\"row-5\">\n\t<td class=\"column-1\">Faixa<\/td><td class=\"column-2\">2\u201d - 3.5\u201d<\/td>\n<\/tr>\n<tr class=\"row-6\">\n\t<td class=\"column-1\">Montagem de suporte<\/td><td class=\"column-2\">Suporte Piv\u00f4 Flutuante<\/td>\n<\/tr>\n<tr class=\"row-7\">\n\t<td class=\"column-1\">Viagem de suporte<\/td><td class=\"column-2\">70mm<\/td>\n<\/tr>\n<tr class=\"row-8\">\n\t<td class=\"column-1\">chave piv\u00f4<br \/>\n(rota\u00e7\u00e3o)<\/td><td class=\"column-2\">70 graus<\/td>\n<\/tr>\n<tr class=\"row-9\">\n\t<td class=\"column-1\">mand\u00edbulas<\/td><td class=\"column-2\">Bits de liga de a\u00e7o temperado<\/td>\n<\/tr>\n<\/tbody>\n<\/table>\n<\/p>\n<\/div>\n\t<\/div>\n<\/div>\n\n<div class=\"fl-col-group fl-node-6140407d4fe98 fl-col-group-nested\" data-node=\"6140407d4fe98\">\n\t\t\t<div class=\"fl-col fl-node-6140407d4fe99\" data-node=\"6140407d4fe99\">\n\t<div class=\"fl-col-content fl-node-content\">\n\t<div class=\"fl-module fl-module-rich-text fl-node-6140407d4fe9f\" data-node=\"6140407d4fe9f\">\n\t<div class=\"fl-module-content fl-node-content\">\n\t\t<div class=\"fl-rich-text\">\n\t<p>A chave de grampo Mammoth pode ser projetada para se adequar a qualquer aplica\u00e7\u00e3o de m\u00e1quina OEM. A Mammoth Clamp Wrench n\u00e3o se limita apenas a uma faixa espec\u00edfica.<\/p>\n<p>Recomenda-se que apenas pe\u00e7as sobressalentes e consum\u00edveis originais do OEM sejam usados \u200b\u200bna linha de produtos Mammoth, para garantir desempenho total e estabilidade operacional. A utiliza\u00e7\u00e3o de pe\u00e7as sobressalentes e consum\u00edveis n\u00e3o autorizados pode resultar em ferimentos e potencialmente anular as reclama\u00e7\u00f5es de garantia.<\/p>\n<p>Inquire for Rigs n\u00e3o exibido aqui.<\/p>\n<\/div>\n\t<\/div>\n<\/div>\n\t<\/div>\n<\/div>\n\t<\/div>\n\t<\/div>\n<\/div>\n\t<\/div>\n\t\t<\/div>\n\t<\/div>\n<\/div>\n<div class=\"fl-row fl-row-full-width fl-row-bg-none fl-node-6140407d4feb0\" data-node=\"6140407d4feb0\">\n\t<div class=\"fl-row-content-wrap\">\n\t\t<div class=\"uabb-row-separator uabb-top-row-separator\" >\r\n<\/div>\r\n\t\t\t\t\t\t<div class=\"fl-row-content fl-row-fixed-width fl-node-content\">\n\t\t\n<div class=\"fl-col-group fl-node-6140407d4feb1\" data-node=\"6140407d4feb1\">\n\t\t\t<div class=\"fl-col fl-node-6140407d4feb2\" data-node=\"6140407d4feb2\">\n\t<div class=\"fl-col-content fl-node-content\">\n\t\t<\/div>\n<\/div>\n\t<\/div>\n\n<div class=\"fl-col-group fl-node-6146e72a7572f\" data-node=\"6146e72a7572f\">\n\t\t\t<div class=\"fl-col fl-node-6146e72a7589e\" data-node=\"6146e72a7589e\">\n\t<div class=\"fl-col-content fl-node-content\">\n\t<div class=\"fl-module fl-module-menu fl-node-6146e72a75646 fl-visible-mobile\" data-node=\"6146e72a75646\">\n\t<div class=\"fl-module-content fl-node-content\">\n\t\t<div class=\"fl-menu\">\n\t\t<div class=\"fl-clear\"><\/div>\n\t<nav aria-label=\"Menu\" itemscope=\"itemscope\" itemtype=\"https:\/\/schema.org\/SiteNavigationElement\"><ul id=\"menu-clamp-wrench-menu-1\" class=\"menu fl-menu-vertical fl-toggle-none\"><li id=\"menu-item-1162\" class=\"menu-item menu-item-type-post_type menu-item-object-page\"><a href=\"https:\/\/mammothinter.com\/pt\/mammoth-clamp-wrench\/\">CHAVE DE BRA\u00c7ADEIRA<\/a><\/li><li id=\"menu-item-1161\" class=\"menu-item menu-item-type-post_type menu-item-object-page\"><a href=\"https:\/\/mammothinter.com\/pt\/mammoth-clamp-wrench\/mammoth-cl-technical-specifications\/\">ESPECIFICA\u00c7\u00d5ES T\u00c9CNICAS<\/a><\/li><li id=\"menu-item-1160\" class=\"menu-item menu-item-type-post_type menu-item-object-page\"><a href=\"https:\/\/mammothinter.com\/pt\/mammoth-clamp-wrench\/mammoth-cl-technical-specifications-2\/\">EXEMPLOS DE INSTALA\u00c7\u00c3O<\/a><\/li><\/ul><\/nav><\/div>\n\t<\/div>\n<\/div>\n\t<\/div>\n<\/div>\n\t<\/div>\n\t\t<\/div>\n\t<\/div>\n<\/div>\n<\/div><div class=\"uabb-js-breakpoint\" style=\"display: none;\"><\/div>","protected":false},"excerpt":{"rendered":"<p>MAMMOTH BREAKOUT WRENCH CLAMP WRENCH TECHNICAL SPECIFICATIONS FITMENT EXAMPLES Product enquiry Mammoth Clamp Wrench Technical Specifications All designs, specifications and components of the equipment described herein are subject to change at the manufacturer\u2019s discretion at any time without prior notice. Wrench Type Clamp Wrench Clamp Type Slide Clamp Pressure Requirements 2,500 PSI Range 2\u201d &#8211; [&hellip;]<\/p>","protected":false},"author":3,"featured_media":0,"parent":1081,"menu_order":1,"comment_status":"closed","ping_status":"closed","template":"","meta":{"inline_featured_image":false,"_uag_custom_page_level_css":"","site-sidebar-layout":"no-sidebar","site-content-layout":"page-builder","ast-site-content-layout":"default","site-content-style":"default","site-sidebar-style":"default","ast-global-header-display":"","ast-banner-title-visibility":"","ast-main-header-display":"","ast-hfb-above-header-display":"","ast-hfb-below-header-display":"","ast-hfb-mobile-header-display":"","site-post-title":"disabled","ast-breadcrumbs-content":"disabled","ast-featured-img":"disabled","footer-sml-layout":"","ast-disable-related-posts":"","theme-transparent-header-meta":"default","adv-header-id-meta":"","stick-header-meta":"default","header-above-stick-meta":"","header-main-stick-meta":"","header-below-stick-meta":"","astra-migrate-meta-layouts":"default","ast-page-background-enabled":"default","ast-page-background-meta":{"desktop":{"background-color":"","background-image":"","background-repeat":"repeat","background-position":"center center","background-size":"auto","background-attachment":"scroll","background-type":"","background-media":"","overlay-type":"","overlay-color":"","overlay-opacity":"","overlay-gradient":""},"tablet":{"background-color":"","background-image":"","background-repeat":"repeat","background-position":"center center","background-size":"auto","background-attachment":"scroll","background-type":"","background-media":"","overlay-type":"","overlay-color":"","overlay-opacity":"","overlay-gradient":""},"mobile":{"background-color":"","background-image":"","background-repeat":"repeat","background-position":"center center","background-size":"auto","background-attachment":"scroll","background-type":"","background-media":"","overlay-type":"","overlay-color":"","overlay-opacity":"","overlay-gradient":""}},"ast-content-background-meta":{"desktop":{"background-color":"var(--ast-global-color-5)","background-image":"","background-repeat":"repeat","background-position":"center center","background-size":"auto","background-attachment":"scroll","background-type":"","background-media":"","overlay-type":"","overlay-color":"","overlay-opacity":"","overlay-gradient":""},"tablet":{"background-color":"var(--ast-global-color-5)","background-image":"","background-repeat":"repeat","background-position":"center center","background-size":"auto","background-attachment":"scroll","background-type":"","background-media":"","overlay-type":"","overlay-color":"","overlay-opacity":"","overlay-gradient":""},"mobile":{"background-color":"var(--ast-global-color-5)","background-image":"","background-repeat":"repeat","background-position":"center center","background-size":"auto","background-attachment":"scroll","background-type":"","background-media":"","overlay-type":"","overlay-color":"","overlay-opacity":"","overlay-gradient":""}},"footnotes":""},"class_list":["post-1083","page","type-page","status-publish","hentry"],"uagb_featured_image_src":{"full":false,"thumbnail":false,"medium":false,"medium_large":false,"large":false,"1536x1536":false,"2048x2048":false,"trp-custom-language-flag":false},"uagb_author_info":{"display_name":"Anuschka Goldschagg","author_link":"https:\/\/mammothinter.com\/pt\/author\/dev\/"},"uagb_comment_info":0,"uagb_excerpt":"MAMMOTH BREAKOUT WRENCH CLAMP WRENCH TECHNICAL SPECIFICATIONS FITMENT EXAMPLES Product enquiry Mammoth Clamp Wrench Technical Specifications All designs, specifications and components of the equipment described herein are subject to change at the manufacturer\u2019s discretion at any time without prior notice. Wrench Type Clamp Wrench Clamp Type Slide Clamp Pressure Requirements 2,500 PSI Range 2\u201d -&hellip;","_links":{"self":[{"href":"https:\/\/mammothinter.com\/pt\/wp-json\/wp\/v2\/pages\/1083","targetHints":{"allow":["GET"]}}],"collection":[{"href":"https:\/\/mammothinter.com\/pt\/wp-json\/wp\/v2\/pages"}],"about":[{"href":"https:\/\/mammothinter.com\/pt\/wp-json\/wp\/v2\/types\/page"}],"author":[{"embeddable":true,"href":"https:\/\/mammothinter.com\/pt\/wp-json\/wp\/v2\/users\/3"}],"replies":[{"embeddable":true,"href":"https:\/\/mammothinter.com\/pt\/wp-json\/wp\/v2\/comments?post=1083"}],"version-history":[{"count":13,"href":"https:\/\/mammothinter.com\/pt\/wp-json\/wp\/v2\/pages\/1083\/revisions"}],"predecessor-version":[{"id":2441,"href":"https:\/\/mammothinter.com\/pt\/wp-json\/wp\/v2\/pages\/1083\/revisions\/2441"}],"up":[{"embeddable":true,"href":"https:\/\/mammothinter.com\/pt\/wp-json\/wp\/v2\/pages\/1081"}],"wp:attachment":[{"href":"https:\/\/mammothinter.com\/pt\/wp-json\/wp\/v2\/media?parent=1083"}],"curies":[{"name":"wp","href":"https:\/\/api.w.org\/{rel}","templated":true}]}}